{"id":11,"date":"2022-05-10T03:36:50","date_gmt":"2022-05-10T03:36:50","guid":{"rendered":"https:\/\/www.multi-shop.cz\/?page_id=11"},"modified":"2022-05-10T03:36:52","modified_gmt":"2022-05-10T03:36:52","slug":"o-multi-shop","status":"publish","type":"page","link":"https:\/\/www.multi-shop.cz\/index.php\/o-multi-shop\/","title":{"rendered":"O Multi-shop"},"content":{"rendered":"\n<p>Multi-shop je platforma pro sd\u00edlen\u00ed \u010dl\u00e1nk\u016f za \u00fa\u010delem sd\u00edlen\u00ed dobr\u00e9ho zbo\u017e\u00ed. Je zam\u011b\u0159ena na skupiny, kter\u00e9 cht\u011bj\u00ed zn\u00e1t r\u016fzn\u00e9 n\u00e1kupn\u00ed informace, jako je oble\u010den\u00ed, n\u00e1bytek, elektrospot\u0159ebi\u010de, digit\u00e1ln\u00ed produkty a zna\u010dky.<\/p>\n\n\n\n<div class=\"wp-block-image\"><figure class=\"aligncenter size-full is-resized\"><a href=\"https:\/\/www.multi-shop.cz\/\"><img decoding=\"async\" src=\"https:\/\/www.multi-shop.cz\/wp-content\/uploads\/2022\/05\/0.jpg\" alt=\"O Multi-shop\" class=\"wp-image-12\" width=\"500\" srcset=\"https:\/\/www.multi-shop.cz\/wp-content\/uploads\/2022\/05\/0.jpg 750w, https:\/\/www.multi-shop.cz\/wp-content\/uploads\/2022\/05\/0-300x225.jpg 300w, https:\/\/www.multi-shop.cz\/wp-content\/uploads\/2022\/05\/0-80x60.jpg 80w\" sizes=\"(max-width: 750px) 100vw, 750px\" \/><\/a><\/figure><\/div>\n\n\n\n<p>Zde budeme sd\u00edlet r\u016fzn\u00e9 praktick\u00e9 \u010dl\u00e1nky ve form\u011b rubrik, kter\u00e9 jsou rozd\u011bleny do kategori\u00ed jako oble\u010den\u00ed, n\u00e1bytek, elektrospot\u0159ebi\u010de, digit\u00e1ln\u00ed produkty, zna\u010dky atd. Dozv\u00edte se v\u0161e o nov\u00e9m oble\u010den\u00ed, slad\u011bn\u00ed oble\u010den\u00ed, designu n\u00e1bytku, elektro spot\u0159ebi\u010de zde Doporu\u010den\u00ed, nejnov\u011bj\u0161\u00ed m\u00f3dn\u00ed trendy a dal\u0161\u00ed. P\u0159i listov\u00e1n\u00ed \u010dl\u00e1nkem m\u016f\u017eete kliknut\u00edm na konkr\u00e9tn\u00ed obr\u00e1zek tak\u00e9 p\u0159ej\u00edt na p\u0159\u00edslu\u0161nou str\u00e1nku s podrobnostmi, co\u017e v\u00e1m umo\u017en\u00ed okam\u017eit\u011b se dozv\u011bd\u011bt o sv\u00fdch obl\u00edben\u00fdch polo\u017ek\u00e1ch.<\/p>\n\n\n\n<div class=\"wp-block-image\"><figure class=\"aligncenter size-large is-resized\"><a href=\"https:\/\/www.kasvo.cz\/rozkladaci-pohovka-galina-na-kazdodenni-spani\/\" target=\"_blank\" rel=\"noopener\"><img decoding=\"async\" src=\"https:\/\/www.multi-shop.cz\/wp-content\/uploads\/2022\/05\/01-1024x576.jpg\" alt=\"O Multi-shop\" class=\"wp-image-13\" width=\"500\" srcset=\"https:\/\/www.multi-shop.cz\/wp-content\/uploads\/2022\/05\/01-1024x576.jpg 1024w, https:\/\/www.multi-shop.cz\/wp-content\/uploads\/2022\/05\/01-300x170.jpg 300w, https:\/\/www.multi-shop.cz\/wp-content\/uploads\/2022\/05\/01-768x432.jpg 768w, https:\/\/www.multi-shop.cz\/wp-content\/uploads\/2022\/05\/01-1536x864.jpg 1536w, https:\/\/www.multi-shop.cz\/wp-content\/uploads\/2022\/05\/01-2048x1152.jpg 2048w, https:\/\/www.multi-shop.cz\/wp-content\/uploads\/2022\/05\/01-107x60.jpg 107w\" sizes=\"(max-width: 1024px) 100vw, 1024px\" \/><\/a><\/figure><\/div>\n\n\n\n<p>V budoucnu spust\u00edme prakti\u010dt\u011bj\u0161\u00ed \u010dl\u00e1nky, jeden vybran\u00fd \u010dl\u00e1nek denn\u011b pro vy\u0159e\u0161en\u00ed va\u0161ich nejasnost\u00ed, jeden vybran\u00fd \u010dl\u00e1nek denn\u011b, kter\u00fd v\u00e1m usnadn\u00ed \u017eivot a pr\u00e1ci.<\/p>\n","protected":false},"excerpt":{"rendered":"<p>Multi-shop je platforma pro sd\u00edlen\u00ed \u010dl\u00e1nk\u016f za \u00fa\u010delem sd\u00edlen\u00ed dobr\u00e9ho zbo\u017e\u00ed. Je zam\u011b\u0159ena na skupiny,<\/p>\n","protected":false},"author":1,"featured_media":0,"parent":0,"menu_order":0,"comment_status":"closed","ping_status":"closed","template":"","meta":{"footnotes":""},"class_list":["post-11","page","type-page","status-publish","hentry"],"_links":{"self":[{"href":"https:\/\/www.multi-shop.cz\/index.php\/wp-json\/wp\/v2\/pages\/11","targetHints":{"allow":["GET"]}}],"collection":[{"href":"https:\/\/www.multi-shop.cz\/index.php\/wp-json\/wp\/v2\/pages"}],"about":[{"href":"https:\/\/www.multi-shop.cz\/index.php\/wp-json\/wp\/v2\/types\/page"}],"author":[{"embeddable":true,"href":"https:\/\/www.multi-shop.cz\/index.php\/wp-json\/wp\/v2\/users\/1"}],"replies":[{"embeddable":true,"href":"https:\/\/www.multi-shop.cz\/index.php\/wp-json\/wp\/v2\/comments?post=11"}],"version-history":[{"count":1,"href":"https:\/\/www.multi-shop.cz\/index.php\/wp-json\/wp\/v2\/pages\/11\/revisions"}],"predecessor-version":[{"id":14,"href":"https:\/\/www.multi-shop.cz\/index.php\/wp-json\/wp\/v2\/pages\/11\/revisions\/14"}],"wp:attachment":[{"href":"https:\/\/www.multi-shop.cz\/index.php\/wp-json\/wp\/v2\/media?parent=11"}],"curies":[{"name":"wp","href":"https:\/\/api.w.org\/{rel}","templated":true}]}}